{"id":1141,"date":"2022-07-26T07:41:22","date_gmt":"2022-07-26T07:41:22","guid":{"rendered":"https:\/\/kachelstuebchen-burhave.de\/?page_id=1141"},"modified":"2025-06-25T10:01:50","modified_gmt":"2025-06-25T10:01:50","slug":"impressum","status":"publish","type":"page","link":"https:\/\/kachelstuebchen-burhave.de\/index.php\/impressum\/","title":{"rendered":"Impressum"},"content":{"rendered":"\n<h2 class=\"wp-block-heading\">Angaben gem\u00e4\u00df \u00a7 5 TMG<\/h2>\n\n\n\n<p>Kachelst\u00fcbchen UG (haftungsbeschr\u00e4nkt)<br>Strandallee 46<br>26969 Butjadingen<\/p>\n\n\n\n<p>Handelsregister: HRB 217273<br>Registergericht: Amtsgericht Oldenburg<\/p>\n\n\n\n<p><strong>Vertreten durch:<\/strong><br>Daniel Scheffel<\/p>\n\n\n\n<h2 class=\"wp-block-heading\">Kontakt<\/h2>\n\n\n\n<p>Telefon: 04733 1013<br>E-Mail: info@kachelstuebchen-burhave.de<\/p>\n\n\n\n<h2 class=\"wp-block-heading\">Umsatzsteuer-ID<\/h2>\n\n\n\n<p>Umsatzsteuer-Identifikationsnummer gem\u00e4\u00df \u00a7 27 a Umsatzsteuergesetz:<br>DE348432332<\/p>\n\n\n\n<h2 class=\"wp-block-heading\">Redaktionell verantwortlich<\/h2>\n\n\n\n<p>Daniel Scheffel<br>Strandallee 46<br>26969 Butjadingen<\/p>\n\n\n\n<h2 class=\"wp-block-heading\">Verbraucher\u00adstreit\u00adbeilegung\/Universal\u00adschlichtungs\u00adstelle<\/h2>\n\n\n\n<p>Wir sind nicht bereit oder verpflichtet, an Streitbeilegungsverfahren vor einer Verbraucherschlichtungsstelle teilzunehmen.<\/p>\n\n\n\n<p>Design und Umsetzung: <a href=\"https:\/\/jp-labs.de\">J&amp;P Media Labs GmbH<\/a><\/p>\n","protected":false},"excerpt":{"rendered":"<p>Angaben gem\u00e4\u00df \u00a7 5 TMG Kachelst\u00fcbchen UG (haftungsbeschr\u00e4nkt)Strandallee 4626969 Butjadingen Handelsregister: HRB 217273Registergericht: Amtsgericht Oldenburg Vertreten durch:Daniel Scheffel Kontakt Telefon: 04733 1013E-Mail: info@kachelstuebchen-burhave.de Umsatzsteuer-ID Umsatzsteuer-Identifikationsnummer gem\u00e4\u00df \u00a7 27 a Umsatzsteuergesetz:DE348432332 Redaktionell verantwortlich Daniel ScheffelStrandallee 4626969 Butjadingen Verbraucher\u00adstreit\u00adbeilegung\/Universal\u00adschlichtungs\u00adstelle Wir sind nicht bereit oder verpflichtet, an Streitbeilegungsverfahren vor einer Verbraucherschlichtungsstelle teilzunehmen. Design und Umsetzung: J&amp;P Media Labs [&hellip;]<\/p>\n","protected":false},"author":1,"featured_media":0,"parent":0,"menu_order":0,"comment_status":"closed","ping_status":"closed","template":"","meta":{"footnotes":""},"class_list":["post-1141","page","type-page","status-publish","hentry"],"yoast_head":"<!-- This site is optimized with the Yoast SEO plugin v19.4 - https:\/\/yoast.com\/wordpress\/plugins\/seo\/ -->\n<title>Impressum - Kachelst\u00fcbchen Burhave<\/title>\n<meta name=\"robots\" content=\"noindex, nofollow\" \/>\n<meta property=\"og:locale\" content=\"de_DE\" \/>\n<meta property=\"og:type\" content=\"article\" \/>\n<meta property=\"og:title\" content=\"Impressum - Kachelst\u00fcbchen Burhave\" \/>\n<meta property=\"og:description\" content=\"Angaben gem\u00e4\u00df \u00a7 5 TMG Kachelst\u00fcbchen UG (haftungsbeschr\u00e4nkt)Strandallee 4626969 Butjadingen Handelsregister: HRB 217273Registergericht: Amtsgericht Oldenburg Vertreten durch:Daniel Scheffel Kontakt Telefon: 04733 1013E-Mail: info@kachelstuebchen-burhave.de Umsatzsteuer-ID Umsatzsteuer-Identifikationsnummer gem\u00e4\u00df \u00a7 27 a Umsatzsteuergesetz:DE348432332 Redaktionell verantwortlich Daniel ScheffelStrandallee 4626969 Butjadingen Verbraucher\u00adstreit\u00adbeilegung\/Universal\u00adschlichtungs\u00adstelle Wir sind nicht bereit oder verpflichtet, an Streitbeilegungsverfahren vor einer Verbraucherschlichtungsstelle teilzunehmen. Design und Umsetzung: J&amp;P Media Labs [&hellip;]\" \/>\n<meta property=\"og:url\" content=\"https:\/\/kachelstuebchen-burhave.de\/index.php\/impressum\/\" \/>\n<meta property=\"og:site_name\" content=\"Kachelst\u00fcbchen Burhave\" \/>\n<meta property=\"article:modified_time\" content=\"2025-06-25T10:01:50+00:00\" \/>\n<meta name=\"twitter:card\" content=\"summary_large_image\" \/>\n<meta name=\"twitter:label1\" content=\"Gesch\u00e4tzte Lesezeit\" \/>\n\t<meta name=\"twitter:data1\" content=\"1\u00a0Minute\" \/>\n<script type=\"application\/ld+json\" class=\"yoast-schema-graph\">{\"@context\":\"https:\/\/schema.org\",\"@graph\":[{\"@type\":\"WebSite\",\"@id\":\"https:\/\/kachelstuebchen-burhave.de\/#website\",\"url\":\"https:\/\/kachelstuebchen-burhave.de\/\",\"name\":\"Kachelst\u00fcbchen Burhave\",\"description\":\"Ihr Traditions-Restaurant in Butjadingen Burhave\",\"potentialAction\":[{\"@type\":\"SearchAction\",\"target\":{\"@type\":\"EntryPoint\",\"urlTemplate\":\"https:\/\/kachelstuebchen-burhave.de\/?s={search_term_string}\"},\"query-input\":\"required name=search_term_string\"}],\"inLanguage\":\"de\"},{\"@type\":\"WebPage\",\"@id\":\"https:\/\/kachelstuebchen-burhave.de\/index.php\/impressum\/\",\"url\":\"https:\/\/kachelstuebchen-burhave.de\/index.php\/impressum\/\",\"name\":\"Impressum - Kachelst\u00fcbchen Burhave\",\"isPartOf\":{\"@id\":\"https:\/\/kachelstuebchen-burhave.de\/#website\"},\"datePublished\":\"2022-07-26T07:41:22+00:00\",\"dateModified\":\"2025-06-25T10:01:50+00:00\",\"breadcrumb\":{\"@id\":\"https:\/\/kachelstuebchen-burhave.de\/index.php\/impressum\/#breadcrumb\"},\"inLanguage\":\"de\",\"potentialAction\":[{\"@type\":\"ReadAction\",\"target\":[\"https:\/\/kachelstuebchen-burhave.de\/index.php\/impressum\/\"]}]},{\"@type\":\"BreadcrumbList\",\"@id\":\"https:\/\/kachelstuebchen-burhave.de\/index.php\/impressum\/#breadcrumb\",\"itemListElement\":[{\"@type\":\"ListItem\",\"position\":1,\"name\":\"Startseite\",\"item\":\"https:\/\/kachelstuebchen-burhave.de\/\"},{\"@type\":\"ListItem\",\"position\":2,\"name\":\"Impressum\"}]}]}<\/script>\n<!-- \/ Yoast SEO plugin. -->","yoast_head_json":{"title":"Impressum - Kachelst\u00fcbchen Burhave","robots":{"index":"noindex","follow":"nofollow"},"og_locale":"de_DE","og_type":"article","og_title":"Impressum - Kachelst\u00fcbchen Burhave","og_description":"Angaben gem\u00e4\u00df \u00a7 5 TMG Kachelst\u00fcbchen UG (haftungsbeschr\u00e4nkt)Strandallee 4626969 Butjadingen Handelsregister: HRB 217273Registergericht: Amtsgericht Oldenburg Vertreten durch:Daniel Scheffel Kontakt Telefon: 04733 1013E-Mail: info@kachelstuebchen-burhave.de Umsatzsteuer-ID Umsatzsteuer-Identifikationsnummer gem\u00e4\u00df \u00a7 27 a Umsatzsteuergesetz:DE348432332 Redaktionell verantwortlich Daniel ScheffelStrandallee 4626969 Butjadingen Verbraucher\u00adstreit\u00adbeilegung\/Universal\u00adschlichtungs\u00adstelle Wir sind nicht bereit oder verpflichtet, an Streitbeilegungsverfahren vor einer Verbraucherschlichtungsstelle teilzunehmen. Design und Umsetzung: J&amp;P Media Labs [&hellip;]","og_url":"https:\/\/kachelstuebchen-burhave.de\/index.php\/impressum\/","og_site_name":"Kachelst\u00fcbchen Burhave","article_modified_time":"2025-06-25T10:01:50+00:00","twitter_card":"summary_large_image","twitter_misc":{"Gesch\u00e4tzte Lesezeit":"1\u00a0Minute"},"schema":{"@context":"https:\/\/schema.org","@graph":[{"@type":"WebSite","@id":"https:\/\/kachelstuebchen-burhave.de\/#website","url":"https:\/\/kachelstuebchen-burhave.de\/","name":"Kachelst\u00fcbchen Burhave","description":"Ihr Traditions-Restaurant in Butjadingen Burhave","potentialAction":[{"@type":"SearchAction","target":{"@type":"EntryPoint","urlTemplate":"https:\/\/kachelstuebchen-burhave.de\/?s={search_term_string}"},"query-input":"required name=search_term_string"}],"inLanguage":"de"},{"@type":"WebPage","@id":"https:\/\/kachelstuebchen-burhave.de\/index.php\/impressum\/","url":"https:\/\/kachelstuebchen-burhave.de\/index.php\/impressum\/","name":"Impressum - Kachelst\u00fcbchen Burhave","isPartOf":{"@id":"https:\/\/kachelstuebchen-burhave.de\/#website"},"datePublished":"2022-07-26T07:41:22+00:00","dateModified":"2025-06-25T10:01:50+00:00","breadcrumb":{"@id":"https:\/\/kachelstuebchen-burhave.de\/index.php\/impressum\/#breadcrumb"},"inLanguage":"de","potentialAction":[{"@type":"ReadAction","target":["https:\/\/kachelstuebchen-burhave.de\/index.php\/impressum\/"]}]},{"@type":"BreadcrumbList","@id":"https:\/\/kachelstuebchen-burhave.de\/index.php\/impressum\/#breadcrumb","itemListElement":[{"@type":"ListItem","position":1,"name":"Startseite","item":"https:\/\/kachelstuebchen-burhave.de\/"},{"@type":"ListItem","position":2,"name":"Impressum"}]}]}},"_links":{"self":[{"href":"https:\/\/kachelstuebchen-burhave.de\/index.php\/wp-json\/wp\/v2\/pages\/1141","targetHints":{"allow":["GET"]}}],"collection":[{"href":"https:\/\/kachelstuebchen-burhave.de\/index.php\/wp-json\/wp\/v2\/pages"}],"about":[{"href":"https:\/\/kachelstuebchen-burhave.de\/index.php\/wp-json\/wp\/v2\/types\/page"}],"author":[{"embeddable":true,"href":"https:\/\/kachelstuebchen-burhave.de\/index.php\/wp-json\/wp\/v2\/users\/1"}],"replies":[{"embeddable":true,"href":"https:\/\/kachelstuebchen-burhave.de\/index.php\/wp-json\/wp\/v2\/comments?post=1141"}],"version-history":[{"count":2,"href":"https:\/\/kachelstuebchen-burhave.de\/index.php\/wp-json\/wp\/v2\/pages\/1141\/revisions"}],"predecessor-version":[{"id":1255,"href":"https:\/\/kachelstuebchen-burhave.de\/index.php\/wp-json\/wp\/v2\/pages\/1141\/revisions\/1255"}],"wp:attachment":[{"href":"https:\/\/kachelstuebchen-burhave.de\/index.php\/wp-json\/wp\/v2\/media?parent=1141"}],"curies":[{"name":"wp","href":"https:\/\/api.w.org\/{rel}","templated":true}]}}