{"id":451,"date":"2022-05-18T09:01:13","date_gmt":"2022-05-18T09:01:13","guid":{"rendered":"https:\/\/kachelstuebchen-burhave.de\/?page_id=451"},"modified":"2022-08-01T06:14:30","modified_gmt":"2022-08-01T06:14:30","slug":"arbeiten-im-kachelstuebchen","status":"publish","type":"page","link":"https:\/\/kachelstuebchen-burhave.de\/index.php\/arbeiten-im-kachelstuebchen\/","title":{"rendered":"Jobs"},"content":{"rendered":"<h1>Auf den Geschmack gekommen?<\/h1>\n<div>\n<p>Moin! Du hast Lust auf einen Job in der Gastronomie und f\u00fchlst dich im Kachelst\u00fcbchen genau so wohl wie wir? Dann bewirb dich ganz unkompliziert per Mail bei uns oder komm vorbei! Wir haben derzeit <strong>3 offene Stellen<\/strong> f\u00fcr dich im Angebot:<\/p>\n<\/div>\n<ul>\n<li>\n<p>        <img decoding=\"async\" src=\"\/wp-content\/uploads\/2022\/05\/service.svg\" alt=\"\"><\/p>\n<h2>K\u00fcchenhilfe (m\/w\/d)<\/h2>\n<p>Teilzeit<\/p>\n<\/li>\n<li>\n<p>        <img decoding=\"async\" src=\"\/wp-content\/uploads\/2022\/06\/koch.svg\" alt=\"\"><\/p>\n<h2>Koch (m\/w\/d)<\/h2>\n<p>Teilzeit<\/p>\n<\/li>\n<\/ul>\n<hr>\n<div>\n<p>    <img decoding=\"async\" src=\"\/wp-content\/uploads\/2022\/05\/suppe.svg\" alt=\"\"><\/p>\n<h2>Servicekraft (m\/w\/d)<\/h2>\n<p>Minijob<\/p>\n<\/div>\n<h2>Jetzt bewerben!<\/h2>\n<div>\n<p style=\"text-align: left;\">Zur Verst\u00e4rkung unseres jungen und famili\u00e4ren Teams suchen wir dich f\u00fcr das Restaurant Kachelst\u00fcbchen in Burhave! Du kannst dich auf ein gemeinschaftliches Arbeitsumfeld und flexible Arbeitszeiten freuen &#8211; eine Festanstellung in Teil- oder Vollzeit ist auch m\u00f6glich. Wir freuen uns auf dich!<\/p>\n<\/div>\n<p>\n    <a href=\"mailto:info@kachelstuebchen-burhave.de\">Bewerbung via E-Mail<\/a>\n<\/p>\n<p><!--more--><br \/>\n<!-- {\"children\":[{\"type\":\"section\",\"props\":{\"style\":\"default\",\"width\":\"default\",\"vertical_align\":\"middle\",\"title_position\":\"top-left\",\"title_rotation\":\"left\",\"title_breakpoint\":\"xl\",\"image_position\":\"top-right\",\"padding\":\"large\",\"header_transparent\":\"dark\",\"animation\":\"slide-left-small\",\"image\":\"wp-content\\\/uploads\\\/2022\\\/05\\\/knoten_2.svg\",\"media_visibility\":\"m\",\"image_effect\":\"fixed\"},\"children\":[{\"type\":\"row\",\"children\":[{\"type\":\"column\",\"props\":{\"image_position\":\"center-center\",\"media_overlay_gradient\":\"\",\"width_medium\":\"1-1\",\"position_sticky_breakpoint\":\"m\"},\"children\":[{\"type\":\"headline\",\"props\":{\"title_element\":\"h1\",\"title_style\":\"heading-large\",\"margin\":\"xlarge\",\"content\":\"Auf den Geschmack gekommen?\",\"margin_remove_bottom\":true}},{\"type\":\"text\",\"props\":{\"margin\":\"xlarge\",\"column_breakpoint\":\"m\",\"margin_remove_top\":true,\"content\":\"\n\n<p>Moin! Du hast Lust auf einen Job in der Gastronomie und f\\u00fchlst dich im Kachelst\\u00fcbchen genau so wohl wie wir? Dann bewirb dich ganz unkompliziert per Mail bei uns oder komm vorbei! Wir haben derzeit <strong>3 offene Stellen<\\\/strong> f\\u00fcr dich im Angebot:<\\\/p>\"}},{\"type\":\"grid\",\"props\":{\"show_title\":true,\"show_meta\":true,\"show_content\":true,\"show_image\":true,\"show_link\":true,\"grid_default\":\"1\",\"grid_medium\":\"\",\"filter_style\":\"tab\",\"filter_all\":true,\"filter_position\":\"top\",\"filter_align\":\"left\",\"filter_grid_width\":\"auto\",\"title_hover_style\":\"reset\",\"title_element\":\"h2\",\"title_align\":\"top\",\"title_grid_width\":\"1-2\",\"meta_style\":\"h3\",\"meta_align\":\"below-title\",\"image_align\":\"right\",\"image_grid_width\":\"auto\",\"image_svg_color\":\"primary\",\"link_text\":\"\",\"link_style\":\"default\",\"margin\":\"default\",\"item_animation\":true,\"grid_small\":\"2\",\"title_style\":\"heading-small\",\"link_target\":false,\"image_width\":\"100\",\"image_box_decoration_inverse\":false,\"image_svg_inline\":false,\"grid_divider\":true,\"filter_grid_breakpoint\":\"m\",\"title_grid_breakpoint\":\"m\",\"image_grid_breakpoint\":\"s\",\"panel_link\":true,\"icon_width\":80,\"animation\":true,\"panel_padding\":\"\",\"panel_card_size\":\"\",\"meta_element\":\"div\",\"content_column_breakpoint\":\"m\",\"image_vertical_align\":true,\"title_color\":\"primary\"},\"children\":[{\"type\":\"grid_item\",\"props\":{\"title\":\"K\\u00fcchenhilfe (m\\\/w\\\/d)\",\"meta\":\"Teilzeit\",\"image\":\"wp-content\\\/uploads\\\/2022\\\/05\\\/service.svg\",\"link\":\"\"}},{\"type\":\"grid_item\",\"props\":{\"title\":\"Koch (m\\\/w\\\/d)\",\"meta\":\"Teilzeit\",\"image\":\"wp-content\\\/uploads\\\/2022\\\/06\\\/koch.svg\",\"link\":\"\"}}]},{\"type\":\"divider\",\"props\":{\"divider_element\":\"hr\",\"divider_style\":\"\",\"divider_align\":\"\",\"divider_align_breakpoint\":\"\",\"divider_align_fallback\":\"\",\"margin\":\"medium\",\"animation\":\"none\"}},{\"type\":\"grid\",\"props\":{\"show_title\":true,\"show_meta\":true,\"show_content\":true,\"show_image\":true,\"show_link\":true,\"grid_default\":\"1\",\"grid_medium\":\"\",\"filter_style\":\"tab\",\"filter_all\":true,\"filter_position\":\"top\",\"filter_align\":\"left\",\"filter_grid_width\":\"auto\",\"title_hover_style\":\"reset\",\"title_element\":\"h2\",\"title_align\":\"top\",\"title_grid_width\":\"1-2\",\"meta_style\":\"h3\",\"meta_align\":\"below-title\",\"image_align\":\"right\",\"image_grid_width\":\"auto\",\"image_svg_color\":\"primary\",\"link_text\":\"\",\"link_style\":\"default\",\"margin\":\"default\",\"item_animation\":true,\"grid_small\":\"2\",\"title_style\":\"heading-small\",\"link_target\":false,\"image_width\":\"100\",\"image_box_decoration_inverse\":false,\"image_svg_inline\":false,\"grid_divider\":true,\"filter_grid_breakpoint\":\"m\",\"title_grid_breakpoint\":\"m\",\"image_grid_breakpoint\":\"s\",\"panel_link\":true,\"icon_width\":80,\"animation\":true,\"panel_padding\":\"\",\"panel_card_size\":\"\",\"meta_element\":\"div\",\"content_column_breakpoint\":\"m\",\"image_vertical_align\":true,\"title_color\":\"primary\"},\"children\":[{\"type\":\"grid_item\",\"props\":{\"title\":\"Servicekraft (m\\\/w\\\/d)\",\"meta\":\"Minijob\",\"image\":\"wp-content\\\/uploads\\\/2022\\\/05\\\/suppe.svg\",\"link\":\"\"}}]},{\"type\":\"divider\",\"props\":{\"divider_element\":\"hr\",\"divider_style\":\"\",\"divider_align\":\"\",\"divider_align_breakpoint\":\"\",\"divider_align_fallback\":\"\",\"margin\":\"medium\",\"animation\":\"none\",\"status\":\"disabled\"}},{\"type\":\"grid\",\"props\":{\"show_title\":true,\"show_meta\":true,\"show_content\":true,\"show_image\":true,\"show_link\":true,\"grid_default\":\"1\",\"grid_medium\":\"\",\"filter_style\":\"tab\",\"filter_all\":true,\"filter_position\":\"top\",\"filter_align\":\"left\",\"filter_grid_width\":\"auto\",\"title_hover_style\":\"reset\",\"title_element\":\"h2\",\"title_align\":\"top\",\"title_grid_width\":\"1-2\",\"meta_style\":\"h3\",\"meta_align\":\"below-title\",\"image_align\":\"right\",\"image_grid_width\":\"auto\",\"image_svg_color\":\"primary\",\"link_text\":\"\",\"link_style\":\"default\",\"margin\":\"default\",\"item_animation\":true,\"grid_small\":\"2\",\"title_style\":\"heading-small\",\"link_target\":false,\"image_width\":\"100\",\"image_box_decoration_inverse\":false,\"image_svg_inline\":false,\"grid_divider\":true,\"filter_grid_breakpoint\":\"m\",\"title_grid_breakpoint\":\"m\",\"image_grid_breakpoint\":\"s\",\"panel_link\":true,\"icon_width\":80,\"animation\":true,\"panel_padding\":\"\",\"panel_card_size\":\"\",\"meta_element\":\"div\",\"content_column_breakpoint\":\"m\",\"image_vertical_align\":true,\"title_color\":\"primary\",\"status\":\"disabled\"},\"children\":[{\"type\":\"grid_item\",\"props\":{\"title\":\"Kellner (m\\\/w\\\/d)\",\"meta\":\"Voll- oder Teilzeit\",\"image\":\"wp-content\\\/uploads\\\/2022\\\/05\\\/service.svg\",\"link\":\"#\"}}]}]}]}],\"name\":\"Careers\"},{\"type\":\"section\",\"props\":{\"style\":\"secondary\",\"width\":\"expand\",\"vertical_align\":\"middle\",\"title_position\":\"top-left\",\"title_rotation\":\"left\",\"title_breakpoint\":\"xl\",\"image_position\":\"center-center\",\"image\":\"wp-content\\\/uploads\\\/2022\\\/05\\\/pexels-rene-asmussen-2977514-scaled.jpg\",\"image_size\":\"cover\",\"text_color\":\"light\",\"padding\":\"large\",\"image_width\":\"2560\",\"image_effect\":\"parallax\",\"image_parallax_bgy_start\":\"-70\",\"media_overlay\":\"rgba(158, 149, 118, 0.84)\",\"media_background\":\"#9E9576\",\"media_blend_mode\":\"multiply\"},\"children\":[{\"type\":\"row\",\"children\":[{\"type\":\"column\",\"props\":{\"image_position\":\"center-center\",\"media_overlay_gradient\":\"\",\"position_sticky_breakpoint\":\"m\",\"width_medium\":\"\"},\"children\":[{\"type\":\"headline\",\"props\":{\"title_element\":\"h2\",\"content\":\"Jetzt bewerben!\",\"title_style\":\"heading-large\",\"text_align\":\"left\",\"text_align_breakpoint\":\"s\",\"text_align_fallback\":\"center\",\"block_align\":\"center\",\"maxwidth\":\"2xlarge\"}},{\"type\":\"text\",\"props\":{\"margin\":\"default\",\"column_breakpoint\":\"m\",\"text_color\":\"emphasis\",\"text_align\":\"left\",\"maxwidth\":\"2xlarge\",\"block_align\":\"center\",\"content\":\"\n\n<p style=\\\"text-align: left;\\\">Zur Verst\\u00e4rkung unseres jungen und famili\\u00e4ren Teams suchen wir dich f\\u00fcr das Restaurant Kachelst\\u00fcbchen in Burhave! Du kannst dich auf ein gemeinschaftliches Arbeitsumfeld und flexible Arbeitszeiten freuen - eine Festanstellung in Teil- oder Vollzeit ist auch m\\u00f6glich. Wir freuen uns auf dich!<\\\/p>\"}},{\"type\":\"button\",\"props\":{\"grid_column_gap\":\"small\",\"grid_row_gap\":\"small\",\"margin\":\"medium\",\"text_align\":\"left\",\"text_align_breakpoint\":\"s\",\"text_align_fallback\":\"center\",\"maxwidth\":\"2xlarge\",\"block_align\":\"center\"},\"children\":[{\"type\":\"button_item\",\"props\":{\"button_style\":\"primary\",\"icon_align\":\"left\",\"content\":\"Bewerbung via E-Mail\",\"link\":\"mailto:info@kachelstuebchen-burhave.de\"}}]}]}],\"props\":{\"width\":\"large\",\"column_gap\":\"large\"}}],\"name\":\"Call to Action\",\"modified\":\"2021-07-23T15:22:17.975Z\"}],\"version\":\"2.7.22\",\"type\":\"layout\"} --><\/p>\n","protected":false},"excerpt":{"rendered":"<p>Auf den Geschmack gekommen? Moin! Du hast Lust auf einen Job in der Gastronomie und f\u00fchlst dich im Kachelst\u00fcbchen genau so wohl wie wir? Dann bewirb dich ganz unkompliziert per Mail bei uns oder komm vorbei! Wir haben derzeit 3 offene Stellen f\u00fcr dich im Angebot: K\u00fcchenhilfe (m\/w\/d) Teilzeit Koch (m\/w\/d) Teilzeit Servicekraft (m\/w\/d) Minijob [&hellip;]<\/p>\n","protected":false},"author":2,"featured_media":0,"parent":0,"menu_order":0,"comment_status":"closed","ping_status":"closed","template":"","meta":{"footnotes":""},"class_list":["post-451","page","type-page","status-publish","hentry"],"yoast_head":"<!-- This site is optimized with the Yoast SEO plugin v19.4 - https:\/\/yoast.com\/wordpress\/plugins\/seo\/ -->\n<title>Jobs - Kachelst\u00fcbchen Burhave<\/title>\n<meta name=\"description\" content=\"Arbeiten wo andere Urlaub machen? Wir machen es m\u00f6glich! Sieh&#039; dir jetzt unsere offenen Stellen an und bewirb dich gleich bei uns.\" \/>\n<meta name=\"robots\" content=\"index, follow, max-snippet:-1, max-image-preview:large, max-video-preview:-1\" \/>\n<link rel=\"canonical\" href=\"https:\/\/kachelstuebchen-burhave.de\/index.php\/arbeiten-im-kachelstuebchen\/\" \/>\n<meta property=\"og:locale\" content=\"de_DE\" \/>\n<meta property=\"og:type\" content=\"article\" \/>\n<meta property=\"og:title\" content=\"Jobs - Kachelst\u00fcbchen Burhave\" \/>\n<meta property=\"og:description\" content=\"Arbeiten wo andere Urlaub machen? Wir machen es m\u00f6glich! Sieh&#039; dir jetzt unsere offenen Stellen an und bewirb dich gleich bei uns.\" \/>\n<meta property=\"og:url\" content=\"https:\/\/kachelstuebchen-burhave.de\/index.php\/arbeiten-im-kachelstuebchen\/\" \/>\n<meta property=\"og:site_name\" content=\"Kachelst\u00fcbchen Burhave\" \/>\n<meta property=\"article:modified_time\" content=\"2022-08-01T06:14:30+00:00\" \/>\n<meta name=\"twitter:card\" content=\"summary_large_image\" \/>\n<meta name=\"twitter:label1\" content=\"Gesch\u00e4tzte Lesezeit\" \/>\n\t<meta name=\"twitter:data1\" content=\"2\u00a0Minuten\" \/>\n<script type=\"application\/ld+json\" class=\"yoast-schema-graph\">{\"@context\":\"https:\/\/schema.org\",\"@graph\":[{\"@type\":\"WebSite\",\"@id\":\"https:\/\/kachelstuebchen-burhave.de\/#website\",\"url\":\"https:\/\/kachelstuebchen-burhave.de\/\",\"name\":\"Kachelst\u00fcbchen Burhave\",\"description\":\"Ihr Traditions-Restaurant in Butjadingen Burhave\",\"potentialAction\":[{\"@type\":\"SearchAction\",\"target\":{\"@type\":\"EntryPoint\",\"urlTemplate\":\"https:\/\/kachelstuebchen-burhave.de\/?s={search_term_string}\"},\"query-input\":\"required name=search_term_string\"}],\"inLanguage\":\"de\"},{\"@type\":\"WebPage\",\"@id\":\"https:\/\/kachelstuebchen-burhave.de\/index.php\/arbeiten-im-kachelstuebchen\/\",\"url\":\"https:\/\/kachelstuebchen-burhave.de\/index.php\/arbeiten-im-kachelstuebchen\/\",\"name\":\"Jobs - Kachelst\u00fcbchen Burhave\",\"isPartOf\":{\"@id\":\"https:\/\/kachelstuebchen-burhave.de\/#website\"},\"datePublished\":\"2022-05-18T09:01:13+00:00\",\"dateModified\":\"2022-08-01T06:14:30+00:00\",\"description\":\"Arbeiten wo andere Urlaub machen? Wir machen es m\u00f6glich! Sieh' dir jetzt unsere offenen Stellen an und bewirb dich gleich bei uns.\",\"breadcrumb\":{\"@id\":\"https:\/\/kachelstuebchen-burhave.de\/index.php\/arbeiten-im-kachelstuebchen\/#breadcrumb\"},\"inLanguage\":\"de\",\"potentialAction\":[{\"@type\":\"ReadAction\",\"target\":[\"https:\/\/kachelstuebchen-burhave.de\/index.php\/arbeiten-im-kachelstuebchen\/\"]}]},{\"@type\":\"BreadcrumbList\",\"@id\":\"https:\/\/kachelstuebchen-burhave.de\/index.php\/arbeiten-im-kachelstuebchen\/#breadcrumb\",\"itemListElement\":[{\"@type\":\"ListItem\",\"position\":1,\"name\":\"Startseite\",\"item\":\"https:\/\/kachelstuebchen-burhave.de\/\"},{\"@type\":\"ListItem\",\"position\":2,\"name\":\"Jobs\"}]}]}<\/script>\n<!-- \/ Yoast SEO plugin. -->","yoast_head_json":{"title":"Jobs - Kachelst\u00fcbchen Burhave","description":"Arbeiten wo andere Urlaub machen? Wir machen es m\u00f6glich! Sieh' dir jetzt unsere offenen Stellen an und bewirb dich gleich bei uns.","robots":{"index":"index","follow":"follow","max-snippet":"max-snippet:-1","max-image-preview":"max-image-preview:large","max-video-preview":"max-video-preview:-1"},"canonical":"https:\/\/kachelstuebchen-burhave.de\/index.php\/arbeiten-im-kachelstuebchen\/","og_locale":"de_DE","og_type":"article","og_title":"Jobs - Kachelst\u00fcbchen Burhave","og_description":"Arbeiten wo andere Urlaub machen? Wir machen es m\u00f6glich! Sieh' dir jetzt unsere offenen Stellen an und bewirb dich gleich bei uns.","og_url":"https:\/\/kachelstuebchen-burhave.de\/index.php\/arbeiten-im-kachelstuebchen\/","og_site_name":"Kachelst\u00fcbchen Burhave","article_modified_time":"2022-08-01T06:14:30+00:00","twitter_card":"summary_large_image","twitter_misc":{"Gesch\u00e4tzte Lesezeit":"2\u00a0Minuten"},"schema":{"@context":"https:\/\/schema.org","@graph":[{"@type":"WebSite","@id":"https:\/\/kachelstuebchen-burhave.de\/#website","url":"https:\/\/kachelstuebchen-burhave.de\/","name":"Kachelst\u00fcbchen Burhave","description":"Ihr Traditions-Restaurant in Butjadingen Burhave","potentialAction":[{"@type":"SearchAction","target":{"@type":"EntryPoint","urlTemplate":"https:\/\/kachelstuebchen-burhave.de\/?s={search_term_string}"},"query-input":"required name=search_term_string"}],"inLanguage":"de"},{"@type":"WebPage","@id":"https:\/\/kachelstuebchen-burhave.de\/index.php\/arbeiten-im-kachelstuebchen\/","url":"https:\/\/kachelstuebchen-burhave.de\/index.php\/arbeiten-im-kachelstuebchen\/","name":"Jobs - Kachelst\u00fcbchen Burhave","isPartOf":{"@id":"https:\/\/kachelstuebchen-burhave.de\/#website"},"datePublished":"2022-05-18T09:01:13+00:00","dateModified":"2022-08-01T06:14:30+00:00","description":"Arbeiten wo andere Urlaub machen? Wir machen es m\u00f6glich! Sieh' dir jetzt unsere offenen Stellen an und bewirb dich gleich bei uns.","breadcrumb":{"@id":"https:\/\/kachelstuebchen-burhave.de\/index.php\/arbeiten-im-kachelstuebchen\/#breadcrumb"},"inLanguage":"de","potentialAction":[{"@type":"ReadAction","target":["https:\/\/kachelstuebchen-burhave.de\/index.php\/arbeiten-im-kachelstuebchen\/"]}]},{"@type":"BreadcrumbList","@id":"https:\/\/kachelstuebchen-burhave.de\/index.php\/arbeiten-im-kachelstuebchen\/#breadcrumb","itemListElement":[{"@type":"ListItem","position":1,"name":"Startseite","item":"https:\/\/kachelstuebchen-burhave.de\/"},{"@type":"ListItem","position":2,"name":"Jobs"}]}]}},"_links":{"self":[{"href":"https:\/\/kachelstuebchen-burhave.de\/index.php\/wp-json\/wp\/v2\/pages\/451","targetHints":{"allow":["GET"]}}],"collection":[{"href":"https:\/\/kachelstuebchen-burhave.de\/index.php\/wp-json\/wp\/v2\/pages"}],"about":[{"href":"https:\/\/kachelstuebchen-burhave.de\/index.php\/wp-json\/wp\/v2\/types\/page"}],"author":[{"embeddable":true,"href":"https:\/\/kachelstuebchen-burhave.de\/index.php\/wp-json\/wp\/v2\/users\/2"}],"replies":[{"embeddable":true,"href":"https:\/\/kachelstuebchen-burhave.de\/index.php\/wp-json\/wp\/v2\/comments?post=451"}],"version-history":[{"count":62,"href":"https:\/\/kachelstuebchen-burhave.de\/index.php\/wp-json\/wp\/v2\/pages\/451\/revisions"}],"predecessor-version":[{"id":1186,"href":"https:\/\/kachelstuebchen-burhave.de\/index.php\/wp-json\/wp\/v2\/pages\/451\/revisions\/1186"}],"wp:attachment":[{"href":"https:\/\/kachelstuebchen-burhave.de\/index.php\/wp-json\/wp\/v2\/media?parent=451"}],"curies":[{"name":"wp","href":"https:\/\/api.w.org\/{rel}","templated":true}]}}